{"id":412,"date":"2024-02-28T01:22:49","date_gmt":"2024-02-28T04:22:49","guid":{"rendered":"https:\/\/jtengenhariasolucion.com.br\/?page_id=412"},"modified":"2024-02-28T01:28:13","modified_gmt":"2024-02-28T04:28:13","slug":"trabalho-em-altura","status":"publish","type":"page","link":"https:\/\/jtengenhariasolucion.com.br\/?page_id=412","title":{"rendered":"Trabalho em Altura"},"content":{"rendered":"\t\t<div data-elementor-type=\"wp-page\" data-elementor-id=\"412\" class=\"elementor elementor-412\">\n\t\t\t\t<div class=\"elementor-element elementor-element-942e685 e-flex e-con-boxed wpr-particle-no wpr-jarallax-no wpr-parallax-no wpr-sticky-section-no e-con e-parent\" data-id=\"942e685\" data-element_type=\"container\" data-settings=\"{&quot;content_width&quot;:&quot;boxed&quot;}\" data-core-v316-plus=\"true\">\n\t\t\t\t\t<div class=\"e-con-inner\">\n\t\t<div class=\"elementor-element elementor-element-82e9525 e-con-full e-flex wpr-particle-no wpr-jarallax-no wpr-parallax-no wpr-sticky-section-no e-con e-child\" data-id=\"82e9525\" data-element_type=\"container\" data-settings=\"{&quot;content_width&quot;:&quot;full&quot;}\">\n\t\t\t\t<div class=\"elementor-element elementor-element-d623587 elementor-widget elementor-widget-heading\" data-id=\"d623587\" data-element_type=\"widget\" data-widget_type=\"heading.default\">\n\t\t\t\t<div class=\"elementor-widget-container\">\n\t\t\t<style>\/*! elementor - v3.19.0 - 28-02-2024 *\/\n.elementor-heading-title{padding:0;margin:0;line-height:1}.elementor-widget-heading .elementor-heading-title[class*=elementor-size-]>a{color:inherit;font-size:inherit;line-height:inherit}.elementor-widget-heading .elementor-heading-title.elementor-size-small{font-size:15px}.elementor-widget-heading .elementor-heading-title.elementor-size-medium{font-size:19px}.elementor-widget-heading .elementor-heading-title.elementor-size-large{font-size:29px}.elementor-widget-heading .elementor-heading-title.elementor-size-xl{font-size:39px}.elementor-widget-heading .elementor-heading-title.elementor-size-xxl{font-size:59px}<\/style><h2 class=\"elementor-heading-title elementor-size-default\">Trabalho em Altura<\/h2>\t\t<\/div>\n\t\t\t\t<\/div>\n\t\t\t\t<div class=\"elementor-element elementor-element-73af034 elementor-widget__width-inherit elementor-widget elementor-widget-text-editor\" data-id=\"73af034\" data-element_type=\"widget\" data-widget_type=\"text-editor.default\">\n\t\t\t\t<div class=\"elementor-widget-container\">\n\t\t\t<style>\/*! elementor - v3.19.0 - 28-02-2024 *\/\n.elementor-widget-text-editor.elementor-drop-cap-view-stacked .elementor-drop-cap{background-color:#69727d;color:#fff}.elementor-widget-text-editor.elementor-drop-cap-view-framed .elementor-drop-cap{color:#69727d;border:3px solid;background-color:transparent}.elementor-widget-text-editor:not(.elementor-drop-cap-view-default) .elementor-drop-cap{margin-top:8px}.elementor-widget-text-editor:not(.elementor-drop-cap-view-default) .elementor-drop-cap-letter{width:1em;height:1em}.elementor-widget-text-editor .elementor-drop-cap{float:left;text-align:center;line-height:1;font-size:50px}.elementor-widget-text-editor .elementor-drop-cap-letter{display:inline-block}<\/style>\t\t\t\t<ul><li>Pinturas de fachadas e silos ind\u00fastriais;<\/li><li>Limpeza de telhados;<\/li><li>Constru\u00e7\u00e3o Civil;<\/li><li>Trabalhos realizados em plataformas ou andaimes;<\/li><li>Limpeza de chamin\u00e9s, fachadas e silos;<\/li><li>Montagem e desmontagem de estruturas;<\/li><li>Armazenamento em supermercados e galp\u00f5es;<\/li><li>Limpeza de caixas d\u2019\u00e1gua;<\/li><li>Manuten\u00e7\u00f5es na rede el\u00e9trica;<\/li><li>Manuten\u00e7\u00f5es em tubos, t\u00faneis e silos;<\/li><li>Entre muitos outros<\/li><\/ul>\t\t\t\t\t\t<\/div>\n\t\t\t\t<\/div>\n\t\t\t\t<\/div>\n\t\t<div class=\"elementor-element elementor-element-b39d1b4 e-con-full e-flex wpr-particle-no wpr-jarallax-no wpr-parallax-no wpr-sticky-section-no e-con e-child\" data-id=\"b39d1b4\" data-element_type=\"container\" data-settings=\"{&quot;content_width&quot;:&quot;full&quot;}\">\n\t\t\t\t<div class=\"elementor-element elementor-element-47e5cc5 elementor-widget elementor-widget-image\" data-id=\"47e5cc5\" data-element_type=\"widget\" data-widget_type=\"image.default\">\n\t\t\t\t<div class=\"elementor-widget-container\">\n\t\t\t<style>\/*! elementor - v3.19.0 - 28-02-2024 *\/\n.elementor-widget-image{text-align:center}.elementor-widget-image a{display:inline-block}.elementor-widget-image a img[src$=\".svg\"]{width:48px}.elementor-widget-image img{vertical-align:middle;display:inline-block}<\/style>\t\t\t\t\t\t\t\t\t\t<img fetchpriority=\"high\" decoding=\"async\" width=\"800\" height=\"600\" src=\"https:\/\/jtengenhariasolucion.com.br\/wp-content\/uploads\/2024\/02\/limpeza-alpinismo-industrial-02.jpg\" class=\"attachment-large size-large wp-image-212\" alt=\"\" srcset=\"https:\/\/jtengenhariasolucion.com.br\/wp-content\/uploads\/2024\/02\/limpeza-alpinismo-industrial-02.jpg 800w, https:\/\/jtengenhariasolucion.com.br\/wp-content\/uploads\/2024\/02\/limpeza-alpinismo-industrial-02-300x225.jpg 300w, https:\/\/jtengenhariasolucion.com.br\/wp-content\/uploads\/2024\/02\/limpeza-alpinismo-industrial-02-768x576.jpg 768w\" sizes=\"(max-width: 800px) 100vw, 800px\" \/>\t\t\t\t\t\t\t\t\t\t\t\t\t<\/div>\n\t\t\t\t<\/div>\n\t\t\t\t<\/div>\n\t\t<div class=\"elementor-element elementor-element-8dcacf7 e-con-full e-flex wpr-particle-no wpr-jarallax-no wpr-parallax-no wpr-sticky-section-no e-con e-child\" data-id=\"8dcacf7\" data-element_type=\"container\" data-settings=\"{&quot;content_width&quot;:&quot;full&quot;}\">\n\t\t\t\t<div class=\"elementor-element elementor-element-4c0a27e elementor-widget elementor-widget-text-editor\" data-id=\"4c0a27e\" data-element_type=\"widget\" data-widget_type=\"text-editor.default\">\n\t\t\t\t<div class=\"elementor-widget-container\">\n\t\t\t\t\t\t\t<p><strong>Vale pontuar que hoje trabalho em altura \u00e9 muito complexo e perigoso, mas n\u00f3s JT ENGENHARIA<\/strong><br \/><strong>contamos com uma equipe dedicada e especializada em alpinismo industrial trazendo maior seguran\u00e7a <\/strong><br \/><strong>para nossos clientes e empregados seguindo todas as normas de seguran\u00e7a interna e externa.<\/strong><\/p>\t\t\t\t\t\t<\/div>\n\t\t\t\t<\/div>\n\t\t\t\t<\/div>\n\t\t\t\t\t<\/div>\n\t\t\t\t<\/div>\n\t\t\t\t<\/div>\n\t\t","protected":false},"excerpt":{"rendered":"<p>Trabalho em Altura Pinturas de fachadas e silos ind\u00fastriais; Limpeza de telhados; Constru\u00e7\u00e3o Civil; Trabalhos realizados em plataformas ou andaimes; Limpeza de chamin\u00e9s, fachadas e silos; Montagem e desmontagem de estruturas; Armazenamento em supermercados e galp\u00f5es; Limpeza de caixas d\u2019\u00e1gua; Manuten\u00e7\u00f5es na rede el\u00e9trica; Manuten\u00e7\u00f5es em tubos, t\u00faneis e silos; Entre muitos outros Vale pontuar&#8230;<\/p>\n","protected":false},"author":1,"featured_media":0,"parent":0,"menu_order":0,"comment_status":"closed","ping_status":"closed","template":"","meta":{"_kad_post_transparent":"","_kad_post_title":"hide","_kad_post_layout":"fullwidth","_kad_post_sidebar_id":"","_kad_post_content_style":"unboxed","_kad_post_vertical_padding":"hide","_kad_post_feature":"hide","_kad_post_feature_position":"","_kad_post_header":false,"_kad_post_footer":false,"footnotes":""},"_links":{"self":[{"href":"https:\/\/jtengenhariasolucion.com.br\/index.php?rest_route=\/wp\/v2\/pages\/412"}],"collection":[{"href":"https:\/\/jtengenhariasolucion.com.br\/index.php?rest_route=\/wp\/v2\/pages"}],"about":[{"href":"https:\/\/jtengenhariasolucion.com.br\/index.php?rest_route=\/wp\/v2\/types\/page"}],"author":[{"embeddable":true,"href":"https:\/\/jtengenhariasolucion.com.br\/index.php?rest_route=\/wp\/v2\/users\/1"}],"replies":[{"embeddable":true,"href":"https:\/\/jtengenhariasolucion.com.br\/index.php?rest_route=%2Fwp%2Fv2%2Fcomments&post=412"}],"version-history":[{"count":4,"href":"https:\/\/jtengenhariasolucion.com.br\/index.php?rest_route=\/wp\/v2\/pages\/412\/revisions"}],"predecessor-version":[{"id":416,"href":"https:\/\/jtengenhariasolucion.com.br\/index.php?rest_route=\/wp\/v2\/pages\/412\/revisions\/416"}],"wp:attachment":[{"href":"https:\/\/jtengenhariasolucion.com.br\/index.php?rest_route=%2Fwp%2Fv2%2Fmedia&parent=412"}],"curies":[{"name":"wp","href":"https:\/\/api.w.org\/{rel}","templated":true}]}}