{"id":370,"date":"2024-02-28T00:49:43","date_gmt":"2024-02-28T03:49:43","guid":{"rendered":"https:\/\/jtengenhariasolucion.com.br\/?page_id=370"},"modified":"2024-02-28T00:57:17","modified_gmt":"2024-02-28T03:57:17","slug":"eletrica","status":"publish","type":"page","link":"https:\/\/jtengenhariasolucion.com.br\/?page_id=370","title":{"rendered":"El\u00e9trica"},"content":{"rendered":"\t\t<div data-elementor-type=\"wp-page\" data-elementor-id=\"370\" class=\"elementor elementor-370\">\n\t\t\t\t<div class=\"elementor-element elementor-element-9c10bfb e-flex e-con-boxed wpr-particle-no wpr-jarallax-no wpr-parallax-no wpr-sticky-section-no e-con e-parent\" data-id=\"9c10bfb\" data-element_type=\"container\" data-settings=\"{&quot;content_width&quot;:&quot;boxed&quot;}\" data-core-v316-plus=\"true\">\n\t\t\t\t\t<div class=\"e-con-inner\">\n\t\t<div class=\"elementor-element elementor-element-9c73080 e-con-full e-flex wpr-particle-no wpr-jarallax-no wpr-parallax-no wpr-sticky-section-no e-con e-child\" data-id=\"9c73080\" data-element_type=\"container\" data-settings=\"{&quot;content_width&quot;:&quot;full&quot;}\">\n\t\t\t\t<div class=\"elementor-element elementor-element-96e1f77 elementor-widget elementor-widget-image\" data-id=\"96e1f77\" data-element_type=\"widget\" data-widget_type=\"image.default\">\n\t\t\t\t<div class=\"elementor-widget-container\">\n\t\t\t<style>\/*! elementor - v3.19.0 - 28-02-2024 *\/\n.elementor-widget-image{text-align:center}.elementor-widget-image a{display:inline-block}.elementor-widget-image a img[src$=\".svg\"]{width:48px}.elementor-widget-image img{vertical-align:middle;display:inline-block}<\/style>\t\t\t\t\t\t\t\t\t\t<img fetchpriority=\"high\" decoding=\"async\" width=\"720\" height=\"720\" src=\"https:\/\/jtengenhariasolucion.com.br\/wp-content\/uploads\/2024\/02\/Quadro-Eletrico-Montagem-2.webp\" class=\"attachment-large size-large wp-image-210\" alt=\"\" srcset=\"https:\/\/jtengenhariasolucion.com.br\/wp-content\/uploads\/2024\/02\/Quadro-Eletrico-Montagem-2.webp 720w, https:\/\/jtengenhariasolucion.com.br\/wp-content\/uploads\/2024\/02\/Quadro-Eletrico-Montagem-2-300x300.webp 300w, https:\/\/jtengenhariasolucion.com.br\/wp-content\/uploads\/2024\/02\/Quadro-Eletrico-Montagem-2-150x150.webp 150w\" sizes=\"(max-width: 720px) 100vw, 720px\" \/>\t\t\t\t\t\t\t\t\t\t\t\t\t<\/div>\n\t\t\t\t<\/div>\n\t\t\t\t<\/div>\n\t\t<div class=\"elementor-element elementor-element-f22425e e-con-full e-flex wpr-particle-no wpr-jarallax-no wpr-parallax-no wpr-sticky-section-no e-con e-child\" data-id=\"f22425e\" data-element_type=\"container\" data-settings=\"{&quot;content_width&quot;:&quot;full&quot;}\">\n\t\t\t\t<div class=\"elementor-element elementor-element-5d8cbba elementor-widget elementor-widget-heading\" data-id=\"5d8cbba\" data-element_type=\"widget\" data-widget_type=\"heading.default\">\n\t\t\t\t<div class=\"elementor-widget-container\">\n\t\t\t<style>\/*! elementor - v3.19.0 - 28-02-2024 *\/\n.elementor-heading-title{padding:0;margin:0;line-height:1}.elementor-widget-heading .elementor-heading-title[class*=elementor-size-]>a{color:inherit;font-size:inherit;line-height:inherit}.elementor-widget-heading .elementor-heading-title.elementor-size-small{font-size:15px}.elementor-widget-heading .elementor-heading-title.elementor-size-medium{font-size:19px}.elementor-widget-heading .elementor-heading-title.elementor-size-large{font-size:29px}.elementor-widget-heading .elementor-heading-title.elementor-size-xl{font-size:39px}.elementor-widget-heading .elementor-heading-title.elementor-size-xxl{font-size:59px}<\/style><h2 class=\"elementor-heading-title elementor-size-default\">Atividade em El\u00e9trica<\/h2>\t\t<\/div>\n\t\t\t\t<\/div>\n\t\t\t\t<div class=\"elementor-element elementor-element-865d6eb elementor-widget elementor-widget-text-editor\" data-id=\"865d6eb\" data-element_type=\"widget\" data-widget_type=\"text-editor.default\">\n\t\t\t\t<div class=\"elementor-widget-container\">\n\t\t\t<style>\/*! elementor - v3.19.0 - 28-02-2024 *\/\n.elementor-widget-text-editor.elementor-drop-cap-view-stacked .elementor-drop-cap{background-color:#69727d;color:#fff}.elementor-widget-text-editor.elementor-drop-cap-view-framed .elementor-drop-cap{color:#69727d;border:3px solid;background-color:transparent}.elementor-widget-text-editor:not(.elementor-drop-cap-view-default) .elementor-drop-cap{margin-top:8px}.elementor-widget-text-editor:not(.elementor-drop-cap-view-default) .elementor-drop-cap-letter{width:1em;height:1em}.elementor-widget-text-editor .elementor-drop-cap{float:left;text-align:center;line-height:1;font-size:50px}.elementor-widget-text-editor .elementor-drop-cap-letter{display:inline-block}<\/style>\t\t\t\t<p><strong>Predial:<\/strong><br>Especialista em projetos el\u00e9tricos de baixa e m\u00e9dia tens\u00e3o e execu\u00e7\u00e3o de <br>instala\u00e7\u00f5es el\u00e9tricas, dimensionamento de rede el\u00e9trica, disjuntores, <br>fia\u00e7\u00e3o el\u00e9trica, ilumina\u00e7\u00e3o, quadros el\u00e9tricos, telefonia, aterramento, <br>cercas el\u00e9tricas e outros servi\u00e7os. Assessoria e acompanhamento de <br>obras.<\/p><p><br><b>Ind\u00fastrial:<\/b><\/p><p>Fazemos a manuten\u00e7\u00e3o el\u00e9trica preventiva, corretiva em motores, m\u00e1quinas, <br>equipamentos, montagem de pain\u00e9is, instala\u00e7\u00f5es industriais e projetos. <br>Tamb\u00e9m analisamos as necessidades realizando retrofit em pain\u00e9is.<\/p>\t\t\t\t\t\t<\/div>\n\t\t\t\t<\/div>\n\t\t\t\t<\/div>\n\t\t\t\t\t<\/div>\n\t\t\t\t<\/div>\n\t\t\t\t<\/div>\n\t\t","protected":false},"excerpt":{"rendered":"<p>Atividade em El\u00e9trica Predial:Especialista em projetos el\u00e9tricos de baixa e m\u00e9dia tens\u00e3o e execu\u00e7\u00e3o de instala\u00e7\u00f5es el\u00e9tricas, dimensionamento de rede el\u00e9trica, disjuntores, fia\u00e7\u00e3o el\u00e9trica, ilumina\u00e7\u00e3o, quadros el\u00e9tricos, telefonia, aterramento, cercas el\u00e9tricas e outros servi\u00e7os. Assessoria e acompanhamento de obras. Ind\u00fastrial: Fazemos a manuten\u00e7\u00e3o el\u00e9trica preventiva, corretiva em motores, m\u00e1quinas, equipamentos, montagem de pain\u00e9is, instala\u00e7\u00f5es industriais&#8230;<\/p>\n","protected":false},"author":1,"featured_media":0,"parent":0,"menu_order":0,"comment_status":"closed","ping_status":"closed","template":"","meta":{"_kad_post_transparent":"","_kad_post_title":"hide","_kad_post_layout":"fullwidth","_kad_post_sidebar_id":"","_kad_post_content_style":"unboxed","_kad_post_vertical_padding":"hide","_kad_post_feature":"hide","_kad_post_feature_position":"","_kad_post_header":false,"_kad_post_footer":false,"footnotes":""},"_links":{"self":[{"href":"https:\/\/jtengenhariasolucion.com.br\/index.php?rest_route=\/wp\/v2\/pages\/370"}],"collection":[{"href":"https:\/\/jtengenhariasolucion.com.br\/index.php?rest_route=\/wp\/v2\/pages"}],"about":[{"href":"https:\/\/jtengenhariasolucion.com.br\/index.php?rest_route=\/wp\/v2\/types\/page"}],"author":[{"embeddable":true,"href":"https:\/\/jtengenhariasolucion.com.br\/index.php?rest_route=\/wp\/v2\/users\/1"}],"replies":[{"embeddable":true,"href":"https:\/\/jtengenhariasolucion.com.br\/index.php?rest_route=%2Fwp%2Fv2%2Fcomments&post=370"}],"version-history":[{"count":10,"href":"https:\/\/jtengenhariasolucion.com.br\/index.php?rest_route=\/wp\/v2\/pages\/370\/revisions"}],"predecessor-version":[{"id":383,"href":"https:\/\/jtengenhariasolucion.com.br\/index.php?rest_route=\/wp\/v2\/pages\/370\/revisions\/383"}],"wp:attachment":[{"href":"https:\/\/jtengenhariasolucion.com.br\/index.php?rest_route=%2Fwp%2Fv2%2Fmedia&parent=370"}],"curies":[{"name":"wp","href":"https:\/\/api.w.org\/{rel}","templated":true}]}}