{"id":352,"date":"2024-02-28T00:28:49","date_gmt":"2024-02-28T03:28:49","guid":{"rendered":"https:\/\/jtengenhariasolucion.com.br\/?page_id=352"},"modified":"2024-02-28T00:36:12","modified_gmt":"2024-02-28T03:36:12","slug":"sobre-nos","status":"publish","type":"page","link":"https:\/\/jtengenhariasolucion.com.br\/?page_id=352","title":{"rendered":"Sobre N\u00f3s"},"content":{"rendered":"\t\t<div data-elementor-type=\"wp-page\" data-elementor-id=\"352\" class=\"elementor elementor-352\">\n\t\t\t\t<div class=\"elementor-element elementor-element-1436361 e-flex e-con-boxed wpr-particle-no wpr-jarallax-no wpr-parallax-no wpr-sticky-section-no e-con e-parent\" data-id=\"1436361\" data-element_type=\"container\" data-settings=\"{&quot;content_width&quot;:&quot;boxed&quot;}\" data-core-v316-plus=\"true\">\n\t\t\t\t\t<div class=\"e-con-inner\">\n\t\t\t\t<div class=\"elementor-element elementor-element-d718028 elementor-widget elementor-widget-heading\" data-id=\"d718028\" data-element_type=\"widget\" data-widget_type=\"heading.default\">\n\t\t\t\t<div class=\"elementor-widget-container\">\n\t\t\t<style>\/*! elementor - v3.19.0 - 28-02-2024 *\/\n.elementor-heading-title{padding:0;margin:0;line-height:1}.elementor-widget-heading .elementor-heading-title[class*=elementor-size-]>a{color:inherit;font-size:inherit;line-height:inherit}.elementor-widget-heading .elementor-heading-title.elementor-size-small{font-size:15px}.elementor-widget-heading .elementor-heading-title.elementor-size-medium{font-size:19px}.elementor-widget-heading .elementor-heading-title.elementor-size-large{font-size:29px}.elementor-widget-heading .elementor-heading-title.elementor-size-xl{font-size:39px}.elementor-widget-heading .elementor-heading-title.elementor-size-xxl{font-size:59px}<\/style><h2 class=\"elementor-heading-title elementor-size-default\">Sobre N\u00f3s<\/h2>\t\t<\/div>\n\t\t\t\t<\/div>\n\t\t\t\t\t<\/div>\n\t\t\t\t<\/div>\n\t\t<div class=\"elementor-element elementor-element-7af772d e-flex e-con-boxed wpr-particle-no wpr-jarallax-no wpr-parallax-no wpr-sticky-section-no e-con e-parent\" data-id=\"7af772d\" data-element_type=\"container\" data-settings=\"{&quot;content_width&quot;:&quot;boxed&quot;}\" data-core-v316-plus=\"true\">\n\t\t\t\t\t<div class=\"e-con-inner\">\n\t\t\t\t<div class=\"elementor-element elementor-element-0543a22 elementor-widget__width-inherit elementor-widget elementor-widget-text-editor\" data-id=\"0543a22\" data-element_type=\"widget\" data-widget_type=\"text-editor.default\">\n\t\t\t\t<div class=\"elementor-widget-container\">\n\t\t\t<style>\/*! elementor - v3.19.0 - 28-02-2024 *\/\n.elementor-widget-text-editor.elementor-drop-cap-view-stacked .elementor-drop-cap{background-color:#69727d;color:#fff}.elementor-widget-text-editor.elementor-drop-cap-view-framed .elementor-drop-cap{color:#69727d;border:3px solid;background-color:transparent}.elementor-widget-text-editor:not(.elementor-drop-cap-view-default) .elementor-drop-cap{margin-top:8px}.elementor-widget-text-editor:not(.elementor-drop-cap-view-default) .elementor-drop-cap-letter{width:1em;height:1em}.elementor-widget-text-editor .elementor-drop-cap{float:left;text-align:center;line-height:1;font-size:50px}.elementor-widget-text-editor .elementor-drop-cap-letter{display:inline-block}<\/style>\t\t\t\t<p><strong>No mercado desde 2022 atendendo atividades prediais a JT ENGENHARIA entra no ramo ind\u00fastrial;<\/strong><\/p><p><strong>Iniciada dentro de uma cultura de seguran\u00e7a ocupacional seguimos com nossa integridade sem acidentes atendendo a qualidade e<br \/>tempo de entrega de nossas demandas com maior satisfa\u00e7\u00e3o de nossos clientes.<\/strong><\/p><p><strong>Mesmo com\u00a02 anos de atua\u00e7\u00e3o\u00a0nossas equipes qualificadas em solu\u00e7\u00f5es integradas e eficientes. Atua\u00e7\u00e3o ampla e atendimento personalizado de acordo com a demanda solicitada. Somos especializada em consultoria e projetos industriais referente a el\u00e9trica, civil, trabalho em altura e facilits. Compreende al\u00e9m de outros servi\u00e7os, estudos, consultorias e projetos industriais. Nossos servi\u00e7os atendem clientes prediais, comerciais e ind\u00fastrias.<\/strong><\/p>\t\t\t\t\t\t<\/div>\n\t\t\t\t<\/div>\n\t\t\t\t\t<\/div>\n\t\t\t\t<\/div>\n\t\t\t\t<\/div>\n\t\t","protected":false},"excerpt":{"rendered":"<p>Sobre N\u00f3s No mercado desde 2022 atendendo atividades prediais a JT ENGENHARIA entra no ramo ind\u00fastrial; Iniciada dentro de uma cultura de seguran\u00e7a ocupacional seguimos com nossa integridade sem acidentes atendendo a qualidade etempo de entrega de nossas demandas com maior satisfa\u00e7\u00e3o de nossos clientes. Mesmo com\u00a02 anos de atua\u00e7\u00e3o\u00a0nossas equipes qualificadas em solu\u00e7\u00f5es integradas&#8230;<\/p>\n","protected":false},"author":1,"featured_media":0,"parent":0,"menu_order":0,"comment_status":"closed","ping_status":"closed","template":"","meta":{"_kad_post_transparent":"","_kad_post_title":"hide","_kad_post_layout":"fullwidth","_kad_post_sidebar_id":"","_kad_post_content_style":"unboxed","_kad_post_vertical_padding":"hide","_kad_post_feature":"hide","_kad_post_feature_position":"","_kad_post_header":false,"_kad_post_footer":false,"footnotes":""},"_links":{"self":[{"href":"https:\/\/jtengenhariasolucion.com.br\/index.php?rest_route=\/wp\/v2\/pages\/352"}],"collection":[{"href":"https:\/\/jtengenhariasolucion.com.br\/index.php?rest_route=\/wp\/v2\/pages"}],"about":[{"href":"https:\/\/jtengenhariasolucion.com.br\/index.php?rest_route=\/wp\/v2\/types\/page"}],"author":[{"embeddable":true,"href":"https:\/\/jtengenhariasolucion.com.br\/index.php?rest_route=\/wp\/v2\/users\/1"}],"replies":[{"embeddable":true,"href":"https:\/\/jtengenhariasolucion.com.br\/index.php?rest_route=%2Fwp%2Fv2%2Fcomments&post=352"}],"version-history":[{"count":7,"href":"https:\/\/jtengenhariasolucion.com.br\/index.php?rest_route=\/wp\/v2\/pages\/352\/revisions"}],"predecessor-version":[{"id":360,"href":"https:\/\/jtengenhariasolucion.com.br\/index.php?rest_route=\/wp\/v2\/pages\/352\/revisions\/360"}],"wp:attachment":[{"href":"https:\/\/jtengenhariasolucion.com.br\/index.php?rest_route=%2Fwp%2Fv2%2Fmedia&parent=352"}],"curies":[{"name":"wp","href":"https:\/\/api.w.org\/{rel}","templated":true}]}}